{"id":51,"date":"2025-10-03T15:47:36","date_gmt":"2025-10-03T15:47:36","guid":{"rendered":"https:\/\/webspace.costaemartins.pt\/?page_id=51"},"modified":"2026-03-24T14:39:18","modified_gmt":"2026-03-24T14:39:18","slug":"servicos","status":"publish","type":"page","link":"https:\/\/webspace.costaemartins.pt\/en\/servicos\/","title":{"rendered":"SERVICES"},"content":{"rendered":"<div data-elementor-type=\"wp-page\" data-elementor-id=\"51\" class=\"elementor elementor-51\">\n\t\t\t\t<div class=\"elementor-element elementor-element-2feb93a7 e-con-full e-flex e-con e-parent\" data-id=\"2feb93a7\" data-element_type=\"container\" data-settings=\"{&quot;background_background&quot;:&quot;classic&quot;}\">\n\t\t\t\t<\/div>\n\t\t<div class=\"elementor-element elementor-element-762f41e8 e-con-full e-flex e-con e-parent\" data-id=\"762f41e8\" data-element_type=\"container\" data-settings=\"{&quot;background_background&quot;:&quot;classic&quot;}\">\n\t\t<div class=\"elementor-element elementor-element-5828d433 e-flex e-con-boxed e-con e-child\" data-id=\"5828d433\" data-element_type=\"container\" data-settings=\"{&quot;background_background&quot;:&quot;classic&quot;}\">\n\t\t\t\t\t<div class=\"e-con-inner\">\n\t\t\t\t<div class=\"elementor-element elementor-element-16fa0e5b elementor-view-default elementor-widget elementor-widget-icon\" data-id=\"16fa0e5b\" data-element_type=\"widget\" data-widget_type=\"icon.default\">\n\t\t\t\t\t\t\t<div class=\"elementor-icon-wrapper\">\n\t\t\t<div class=\"elementor-icon\">\n\t\t\t<i aria-hidden=\"true\" class=\"ti-more\"><\/i>\t\t\t<\/div>\n\t\t<\/div>\n\t\t\t\t\t\t<\/div>\n\t\t\t\t<div class=\"elementor-element elementor-element-757d2ca8 elementor-invisible elementor-widget elementor-widget-heading\" data-id=\"757d2ca8\" data-element_type=\"widget\" data-settings=\"{&quot;_animation&quot;:&quot;zoomIn&quot;}\" data-widget_type=\"heading.default\">\n\t\t\t\t\t<h2 class=\"elementor-heading-title elementor-size-default\">Our Services<\/h2>\t\t\t\t<\/div>\n\t\t\t\t<div class=\"elementor-element elementor-element-2bb69a9 elementor-invisible elementor-widget elementor-widget-text-editor\" data-id=\"2bb69a9\" data-element_type=\"widget\" data-settings=\"{&quot;_animation&quot;:&quot;zoomIn&quot;}\" data-widget_type=\"text-editor.default\">\n\t\t\t\t\t\t\t\t\t<p data-start=\"310\" data-end=\"603\">Energy, fuel and sustainable solutions for the islands of Faial and Pico, at your service for over a century.<\/p>\t\t\t\t\t\t\t\t<\/div>\n\t\t\t\t\t<\/div>\n\t\t\t\t<\/div>\n\t\t\t\t<\/div>\n\t\t<div class=\"elementor-element elementor-element-4c45a99 e-con-full e-flex e-con e-parent\" data-id=\"4c45a99\" data-element_type=\"container\" data-settings=\"{&quot;background_background&quot;:&quot;classic&quot;}\">\n\t\t<div class=\"elementor-element elementor-element-53870e6f e-con-full e-flex e-con e-child\" data-id=\"53870e6f\" data-element_type=\"container\">\n\t\t\t\t<div class=\"elementor-element elementor-element-6f4419b2 elementor-invisible elementor-widget elementor-widget-heading\" data-id=\"6f4419b2\" data-element_type=\"widget\" data-settings=\"{&quot;_animation&quot;:&quot;zoomIn&quot;}\" data-widget_type=\"heading.default\">\n\t\t\t\t\t<h2 class=\"elementor-heading-title elementor-size-default\">Gas Distribution<\/h2>\t\t\t\t<\/div>\n\t\t\t\t<div class=\"elementor-element elementor-element-b767a74 elementor-widget-divider--view-line elementor-widget elementor-widget-divider\" data-id=\"b767a74\" data-element_type=\"widget\" data-widget_type=\"divider.default\">\n\t\t\t\t\t\t\t<div class=\"elementor-divider\">\n\t\t\t<span class=\"elementor-divider-separator\">\n\t\t\t\t\t\t<\/span>\n\t\t<\/div>\n\t\t\t\t\t\t<\/div>\n\t\t\t\t<div class=\"elementor-element elementor-element-1820e77b elementor-invisible elementor-widget elementor-widget-text-editor\" data-id=\"1820e77b\" data-element_type=\"widget\" data-settings=\"{&quot;_animation&quot;:&quot;zoomIn&quot;}\" data-widget_type=\"text-editor.default\">\n\t\t\t\t\t\t\t\t\t<div class=\"serv-text reveal visible\"><p class=\"translation-block\">Costa &amp; Martins is the representative of the <strong>GALP<\/strong> brand for gas products on the islands of Faial and Pico, guaranteeing a reliable and comprehensive distribution service for the entire region.From domestic gas for cooking and heating to industrial supply, we guarantee continuous availability and security of supply for island populations.<\/p><p>From domestic gas for cooking and heating to industrial supply, we guarantee continuous availability and security of supply for island populations.<\/p><div class=\"feature-list\"><div class=\"feat\"><div class=\"feat-dot\">\u00a0<\/div><p><strong>Domestic gas<\/strong>\u00a0\u2014 gas cylinders and supplies for homes throughout Faial and Pico.<\/p><\/div><div class=\"feat\"><div class=\"feat-dot\">\u00a0<\/div><p><strong>Industrial and commercial use<\/strong>\u00a0\u2014 solutions for restaurants, hotels, and industry.<\/p><\/div><div class=\"feat\"><div class=\"feat-dot\">\u00a0<\/div><p><strong>GALP brand<\/strong>\u00a0\u2014 official representative with certified quality.<\/p><\/div><div class=\"feat\"><div class=\"feat-dot\">\u00a0<\/div><p><strong>Home delivery<\/strong>\u00a0\u2014 convenience and punctuality in refueling.<\/p><\/div><\/div><\/div><div class=\"reveal visible\"><div class=\"vis-panel gas-panel\"><div class=\"stat-row\"><div>\u00a0<\/div><\/div><\/div><\/div>\t\t\t\t\t\t\t\t<\/div>\n\t\t\t\t<\/div>\n\t\t<div class=\"elementor-element elementor-element-62ec9b74 e-con-full e-flex elementor-invisible e-con e-child\" data-id=\"62ec9b74\" data-element_type=\"container\" data-settings=\"{&quot;background_background&quot;:&quot;classic&quot;,&quot;animation&quot;:&quot;zoomIn&quot;}\">\n\t\t\t\t<\/div>\n\t\t\t\t<\/div>\n\t\t<div class=\"elementor-element elementor-element-6f8e2fe9 e-con-full e-flex e-con e-parent\" data-id=\"6f8e2fe9\" data-element_type=\"container\" data-settings=\"{&quot;background_background&quot;:&quot;classic&quot;}\">\n\t\t<div class=\"elementor-element elementor-element-41c66931 e-con-full e-flex e-con e-child\" data-id=\"41c66931\" data-element_type=\"container\">\n\t\t\t\t<div class=\"elementor-element elementor-element-74f7f227 elementor-invisible elementor-widget elementor-widget-heading\" data-id=\"74f7f227\" data-element_type=\"widget\" data-settings=\"{&quot;_animation&quot;:&quot;zoomIn&quot;}\" data-widget_type=\"heading.default\">\n\t\t\t\t\t<h2 class=\"elementor-heading-title elementor-size-default\">Fuel Supply<\/h2>\t\t\t\t<\/div>\n\t\t\t\t<div class=\"elementor-element elementor-element-296caef elementor-widget-divider--view-line elementor-widget elementor-widget-divider\" data-id=\"296caef\" data-element_type=\"widget\" data-widget_type=\"divider.default\">\n\t\t\t\t\t\t\t<div class=\"elementor-divider\">\n\t\t\t<span class=\"elementor-divider-separator\">\n\t\t\t\t\t\t<\/span>\n\t\t<\/div>\n\t\t\t\t\t\t<\/div>\n\t\t\t\t<div class=\"elementor-element elementor-element-1f9db2f3 elementor-invisible elementor-widget elementor-widget-text-editor\" data-id=\"1f9db2f3\" data-element_type=\"widget\" data-settings=\"{&quot;_animation&quot;:&quot;zoomIn&quot;}\" data-widget_type=\"text-editor.default\">\n\t\t\t\t\t\t\t\t\t<p class=\"translation-block\">Costa &amp; Martins' fuel supply service caters to <strong>individuals, company fleets, and vessels<\/strong> on the islands of Faial and Pico, guaranteeing continuous availability and competitive prices.<\/p><p>With decades of experience in supplying fuel in the Azorean islands, we guarantee an efficient service tailored to the specific needs of each client.<\/p><div class=\"feature-list\"><div class=\"feat\"><div class=\"feat-dot\">\u00a0<\/div><p><strong>Private individuals<\/strong>\u00a0\u2014 regular refueling for personal vehicles.<\/p><\/div><div class=\"feat\"><div class=\"feat-dot\">\u00a0<\/div><p><strong>Corporate fleets<\/strong>\u00a0\u2014 consumption management solutions for businesses.<\/p><\/div><div class=\"feat\"><div class=\"feat-dot\">\u00a0<\/div><p><strong>Nautical<\/strong>\u00a0\u2014 supplying fuel to recreational and professional vessels.<\/p><\/div><div class=\"feat\"><div class=\"feat-dot\">\u00a0<\/div><p><strong>Lubricants<\/strong>\u00a0GALP offers a complete line of automotive and industrial lubricants.<\/p><\/div><\/div>\t\t\t\t\t\t\t\t<\/div>\n\t\t\t\t<\/div>\n\t\t<div class=\"elementor-element elementor-element-324a5d2b e-con-full e-flex elementor-invisible e-con e-child\" data-id=\"324a5d2b\" data-element_type=\"container\" data-settings=\"{&quot;background_background&quot;:&quot;classic&quot;,&quot;animation&quot;:&quot;zoomIn&quot;}\">\n\t\t\t\t<\/div>\n\t\t\t\t<\/div>\n\t\t<div class=\"elementor-element elementor-element-53fdaf48 e-con-full e-flex e-con e-parent\" data-id=\"53fdaf48\" data-element_type=\"container\" data-settings=\"{&quot;background_background&quot;:&quot;classic&quot;}\">\n\t\t<div class=\"elementor-element elementor-element-6b6d2226 e-con-full e-flex e-con e-child\" data-id=\"6b6d2226\" data-element_type=\"container\">\n\t\t\t\t<div class=\"elementor-element elementor-element-1feb43b9 elementor-invisible elementor-widget elementor-widget-heading\" data-id=\"1feb43b9\" data-element_type=\"widget\" data-settings=\"{&quot;_animation&quot;:&quot;zoomIn&quot;}\" data-widget_type=\"heading.default\">\n\t\t\t\t\t<h2 class=\"elementor-heading-title elementor-size-default\">Solar Panels<\/h2>\t\t\t\t<\/div>\n\t\t\t\t<div class=\"elementor-element elementor-element-c191035 elementor-widget-divider--view-line elementor-widget elementor-widget-divider\" data-id=\"c191035\" data-element_type=\"widget\" data-widget_type=\"divider.default\">\n\t\t\t\t\t\t\t<div class=\"elementor-divider\">\n\t\t\t<span class=\"elementor-divider-separator\">\n\t\t\t\t\t\t<\/span>\n\t\t<\/div>\n\t\t\t\t\t\t<\/div>\n\t\t\t\t<div class=\"elementor-element elementor-element-7e39296a elementor-invisible elementor-widget elementor-widget-text-editor\" data-id=\"7e39296a\" data-element_type=\"widget\" data-settings=\"{&quot;_animation&quot;:&quot;zoomIn&quot;}\" data-widget_type=\"text-editor.default\">\n\t\t\t\t\t\t\t\t\t<p class=\"translation-block\">In the insular context of the Azores, investing in\u00a0<strong>photovoltaic solar energy<\/strong> represents a natural and sustainable solution to reduce energy costs and decrease dependence on fossil fuels.<\/p><p class=\"translation-block\">Costa &amp; Martins offers a complete service, from <strong>initial technical analysis<\/strong> and system sizing to installation and post-installation maintenance, using certified quality equipment.<\/p><div class=\"feature-list\"><div class=\"feat\"><div class=\"feat-dot\">\u00a0<\/div><p><strong>Residential installation<\/strong>\u00a0\u2014 custom-designed systems for homes with consumption studies.<\/p><\/div><div class=\"feat\"><div class=\"feat-dot\">\u00a0<\/div><p><strong>Business facility<\/strong>\u00a0Larger-scale projects with optimized returns.<\/p><\/div><div class=\"feat\"><div class=\"feat-dot\">\u00a0<\/div><p><strong>Maintenance<\/strong>\u00a0\u2014 ongoing maintenance and monitoring service.<\/p><\/div><div class=\"feat\"><div class=\"feat-dot\">\u00a0<\/div><p><strong>Energy consulting<\/strong>\u00a0\u2014 consumption analysis and financing support.<\/p><\/div><\/div>\t\t\t\t\t\t\t\t<\/div>\n\t\t\t\t<\/div>\n\t\t<div class=\"elementor-element elementor-element-591af498 e-con-full e-flex elementor-invisible e-con e-child\" data-id=\"591af498\" data-element_type=\"container\" data-settings=\"{&quot;background_background&quot;:&quot;classic&quot;,&quot;animation&quot;:&quot;zoomIn&quot;}\">\n\t\t\t\t<\/div>\n\t\t\t\t<\/div>\n\t\t<div class=\"elementor-element elementor-element-65ffa3ae e-con-full e-flex e-con e-parent\" data-id=\"65ffa3ae\" data-element_type=\"container\" data-settings=\"{&quot;background_background&quot;:&quot;classic&quot;}\">\n\t\t<div class=\"elementor-element elementor-element-7373089a e-con-full e-flex e-con e-child\" data-id=\"7373089a\" data-element_type=\"container\">\n\t\t\t\t<div class=\"elementor-element elementor-element-5feab0dd elementor-invisible elementor-widget elementor-widget-heading\" data-id=\"5feab0dd\" data-element_type=\"widget\" data-settings=\"{&quot;_animation&quot;:&quot;zoomIn&quot;}\" data-widget_type=\"heading.default\">\n\t\t\t\t\t<h2 class=\"elementor-heading-title elementor-size-default\">Ready to begin?<\/h2>\t\t\t\t<\/div>\n\t\t\t\t<div class=\"elementor-element elementor-element-2d397b33 elementor-invisible elementor-widget elementor-widget-text-editor\" data-id=\"2d397b33\" data-element_type=\"widget\" data-settings=\"{&quot;_animation&quot;:&quot;zoomIn&quot;}\" data-widget_type=\"text-editor.default\">\n\t\t\t\t\t\t\t\t\t<p>Whether it's supplying your home with gas, managing your fleet's fuel, or taking the first step towards solar energy, we're here to help.<\/p>\t\t\t\t\t\t\t\t<\/div>\n\t\t\t\t<div class=\"elementor-element elementor-element-a425082 elementor-mobile-align-center elementor-align-center elementor-invisible elementor-widget elementor-widget-button\" data-id=\"a425082\" data-element_type=\"widget\" data-settings=\"{&quot;_animation&quot;:&quot;zoomIn&quot;}\" data-widget_type=\"button.default\">\n\t\t\t\t\t\t\t\t\t\t<a class=\"elementor-button elementor-button-link elementor-size-sm\" href=\"https:\/\/webspace.costaemartins.pt\/en\/contactos\/\">\n\t\t\t\t\t\t<span class=\"elementor-button-content-wrapper\">\n\t\t\t\t\t\t\t\t\t<span class=\"elementor-button-text\">CONTACT US<\/span>\n\t\t\t\t\t<\/span>\n\t\t\t\t\t<\/a>\n\t\t\t\t\t\t\t\t<\/div>\n\t\t\t\t<\/div>\n\t\t\t\t<\/div>\n\t\t\t\t<\/div>","protected":false},"excerpt":{"rendered":"<p>Os Nossos Servi\u00e7os Energia, combust\u00edvel e solu\u00e7\u00f5es sustent\u00e1veis para as ilhas do Faial e Pico, h\u00e1 mais de um s\u00e9culo ao seu servi\u00e7o. Distribui\u00e7\u00e3o de G\u00e1s A Costa &amp; Martins \u00e9 representante da marca\u00a0GALP\u00a0para os produtos de g\u00e1s nas ilhas do Faial e Pico, garantindo um servi\u00e7o de distribui\u00e7\u00e3o fi\u00e1vel e abrangente para toda a [&hellip;]<\/p>","protected":false},"author":2,"featured_media":0,"parent":0,"menu_order":0,"comment_status":"closed","ping_status":"closed","template":"","meta":{"footnotes":""},"class_list":["post-51","page","type-page","status-publish","hentry"],"_links":{"self":[{"href":"https:\/\/webspace.costaemartins.pt\/en\/wp-json\/wp\/v2\/pages\/51","targetHints":{"allow":["GET"]}}],"collection":[{"href":"https:\/\/webspace.costaemartins.pt\/en\/wp-json\/wp\/v2\/pages"}],"about":[{"href":"https:\/\/webspace.costaemartins.pt\/en\/wp-json\/wp\/v2\/types\/page"}],"author":[{"embeddable":true,"href":"https:\/\/webspace.costaemartins.pt\/en\/wp-json\/wp\/v2\/users\/2"}],"replies":[{"embeddable":true,"href":"https:\/\/webspace.costaemartins.pt\/en\/wp-json\/wp\/v2\/comments?post=51"}],"version-history":[{"count":34,"href":"https:\/\/webspace.costaemartins.pt\/en\/wp-json\/wp\/v2\/pages\/51\/revisions"}],"predecessor-version":[{"id":580,"href":"https:\/\/webspace.costaemartins.pt\/en\/wp-json\/wp\/v2\/pages\/51\/revisions\/580"}],"wp:attachment":[{"href":"https:\/\/webspace.costaemartins.pt\/en\/wp-json\/wp\/v2\/media?parent=51"}],"curies":[{"name":"wp","href":"https:\/\/api.w.org\/{rel}","templated":true}]}}