{"id":57,"date":"2025-10-03T15:47:40","date_gmt":"2025-10-03T15:47:40","guid":{"rendered":"https:\/\/webspace.costaemartins.pt\/?page_id=57"},"modified":"2026-03-24T14:27:13","modified_gmt":"2026-03-24T14:27:13","slug":"projetos","status":"publish","type":"page","link":"https:\/\/webspace.costaemartins.pt\/en\/projetos\/","title":{"rendered":"GROUP"},"content":{"rendered":"<div data-elementor-type=\"wp-page\" data-elementor-id=\"57\" class=\"elementor elementor-57\">\n\t\t\t\t<div class=\"elementor-element elementor-element-5aad3cc8 e-con-full e-flex e-con e-parent\" data-id=\"5aad3cc8\" data-element_type=\"container\" data-settings=\"{&quot;background_background&quot;:&quot;classic&quot;}\">\n\t\t\t\t<\/div>\n\t\t<div class=\"elementor-element elementor-element-5023ee56 e-con-full e-flex e-con e-parent\" data-id=\"5023ee56\" data-element_type=\"container\" data-settings=\"{&quot;background_background&quot;:&quot;classic&quot;}\">\n\t\t<div class=\"elementor-element elementor-element-79a4f1ee e-flex e-con-boxed e-con e-child\" data-id=\"79a4f1ee\" data-element_type=\"container\" data-settings=\"{&quot;background_background&quot;:&quot;classic&quot;}\">\n\t\t\t\t\t<div class=\"e-con-inner\">\n\t\t\t\t<div class=\"elementor-element elementor-element-2b19a10 elementor-invisible elementor-widget elementor-widget-image\" data-id=\"2b19a10\" data-element_type=\"widget\" data-settings=\"{&quot;_animation&quot;:&quot;fadeInUp&quot;}\" data-widget_type=\"image.default\">\n\t\t\t\t\t\t\t\t\t\t\t\t\t\t\t<img fetchpriority=\"high\" decoding=\"async\" width=\"800\" height=\"234\" src=\"https:\/\/webspace.costaemartins.pt\/wp-content\/uploads\/2025\/10\/COSTA-MARTINS-WORDMARK-45-1024x300.png\" class=\"attachment-large size-large wp-image-165\" alt=\"\" srcset=\"https:\/\/webspace.costaemartins.pt\/wp-content\/uploads\/2025\/10\/COSTA-MARTINS-WORDMARK-45-1024x300.png 1024w, https:\/\/webspace.costaemartins.pt\/wp-content\/uploads\/2025\/10\/COSTA-MARTINS-WORDMARK-45-300x88.png 300w, https:\/\/webspace.costaemartins.pt\/wp-content\/uploads\/2025\/10\/COSTA-MARTINS-WORDMARK-45-768x225.png 768w, https:\/\/webspace.costaemartins.pt\/wp-content\/uploads\/2025\/10\/COSTA-MARTINS-WORDMARK-45.png 1152w\" sizes=\"(max-width: 800px) 100vw, 800px\" \/>\t\t\t\t\t\t\t\t\t\t\t\t\t\t\t<\/div>\n\t\t\t\t<div class=\"elementor-element elementor-element-53af3bc6 elementor-invisible elementor-widget elementor-widget-text-editor\" data-id=\"53af3bc6\" data-element_type=\"widget\" data-settings=\"{&quot;_animation&quot;:&quot;zoomIn&quot;}\" data-widget_type=\"text-editor.default\">\n\t\t\t\t\t\t\t\t\t<p class=\"translation-block\">Founded on January 22, 1912, Costa &amp; Martins is the parent company of the group and one of the oldest in the Azores. Initially dedicated to wholesale, it has adapted its activity over the decades.<\/p><p class=\"translation-block\">Today it operates in the areas of GALP gas distribution, fuel supply, DIY and auto parts, and solar panel installation on the islands of Faial and Pico.<\/p>\t\t\t\t\t\t\t\t<\/div>\n\t\t\t\t\t<\/div>\n\t\t\t\t<\/div>\n\t\t\t\t<\/div>\n\t\t<div class=\"elementor-element elementor-element-37c7bd34 e-con-full e-flex e-con e-parent\" data-id=\"37c7bd34\" data-element_type=\"container\" data-settings=\"{&quot;background_background&quot;:&quot;classic&quot;}\">\n\t\t<div class=\"elementor-element elementor-element-5361d774 e-flex e-con-boxed e-con e-child\" data-id=\"5361d774\" data-element_type=\"container\">\n\t\t\t\t\t<div class=\"e-con-inner\">\n\t\t\t\t<div class=\"elementor-element elementor-element-492ba13 elementor-invisible elementor-widget elementor-widget-image\" data-id=\"492ba13\" data-element_type=\"widget\" data-settings=\"{&quot;_animation&quot;:&quot;fadeInUp&quot;}\" data-widget_type=\"image.default\">\n\t\t\t\t\t\t\t\t\t\t\t\t\t\t\t<img decoding=\"async\" width=\"800\" height=\"358\" src=\"https:\/\/webspace.costaemartins.pt\/wp-content\/uploads\/2026\/03\/OCEANXPERIENCE-logo-1024x458.png\" class=\"attachment-large size-large wp-image-497\" alt=\"\" srcset=\"https:\/\/webspace.costaemartins.pt\/wp-content\/uploads\/2026\/03\/OCEANXPERIENCE-logo-1024x458.png 1024w, https:\/\/webspace.costaemartins.pt\/wp-content\/uploads\/2026\/03\/OCEANXPERIENCE-logo-300x134.png 300w, https:\/\/webspace.costaemartins.pt\/wp-content\/uploads\/2026\/03\/OCEANXPERIENCE-logo-768x344.png 768w, https:\/\/webspace.costaemartins.pt\/wp-content\/uploads\/2026\/03\/OCEANXPERIENCE-logo-1536x688.png 1536w, https:\/\/webspace.costaemartins.pt\/wp-content\/uploads\/2026\/03\/OCEANXPERIENCE-logo-2048x917.png 2048w, https:\/\/webspace.costaemartins.pt\/wp-content\/uploads\/2026\/03\/OCEANXPERIENCE-logo-18x8.png 18w\" sizes=\"(max-width: 800px) 100vw, 800px\" \/>\t\t\t\t\t\t\t\t\t\t\t\t\t\t\t<\/div>\n\t\t\t\t<div class=\"elementor-element elementor-element-7fc4d83e elementor-invisible elementor-widget elementor-widget-text-editor\" data-id=\"7fc4d83e\" data-element_type=\"widget\" data-settings=\"{&quot;_animation&quot;:&quot;zoomIn&quot;}\" data-widget_type=\"text-editor.default\">\n\t\t\t\t\t\t\t\t\t<div class=\"serv-text reveal visible\"><p class=\"translation-block\"><strong>Oceanxperience<\/strong> operates as a freight forwarder, based in Horta, Faial, since <strong>2015<\/strong>. It offers personalized services for sea freight, air freight, shipping agency, containers, groupage and dangerous goods.<\/p><p class=\"translation-block\">It serves the national territory, including the autonomous regions of Madeira and the Azores, as well as international territory. It is a representative of the shipping agency <strong>GS Lines<\/strong> in the ports of Horta and Cais do Pico.<\/p><\/div>\t\t\t\t\t\t\t\t<\/div>\n\t\t\t\t<div class=\"elementor-element elementor-element-2a362bb elementor-invisible elementor-widget elementor-widget-text-editor\" data-id=\"2a362bb\" data-element_type=\"widget\" data-settings=\"{&quot;_animation&quot;:&quot;zoomIn&quot;}\" data-widget_type=\"text-editor.default\">\n\t\t\t\t\t\t\t\t\t<div class=\"serv-text reveal visible\"><p class=\"font_8 wixui-rich-text__text\"><span class=\"wixui-rich-text__text\">Maritime Freight Transport<\/span><\/p><p class=\"font_8 wixui-rich-text__text\"><a class=\"wixui-rich-text__text\" href=\"mailto:%E2%80%8Bmaritima.faial@oceanxperience.pt\" target=\"_self\"><span class=\"wixui-rich-text__text\">maritim<\/span><span class=\"wixui-rich-text__text\">a.faial@oceanxperience.pt<\/span><\/a><span class=\"wixui-rich-text__text\">\u00a0| +351 292 293 646<\/span><\/p><p class=\"font_8 wixui-rich-text__text\"><span class=\"wixui-rich-text__text\"><a class=\"wixui-rich-text__text\" href=\"mailto:geral@oceanxperience.pt\" target=\"_self\">geral@oceanxperience.pt<\/a>\u00a0| +351 292 242 209<\/span><\/p><p class=\"font_8 wixui-rich-text__text\"><span class=\"wixui-rich-text__text\"><span class=\"wixGuard wixui-rich-text__text\">\u200b<\/span><\/span><\/p><p class=\"font_8 wixui-rich-text__text\"><span class=\"wixui-rich-text__text\">Air Freight Transport<\/span><\/p><p class=\"font_8 wixui-rich-text__text\"><span class=\"wixui-rich-text__text\"><a class=\"wixui-rich-text__text\" href=\"mailto:aerea.faial@oceanxperience.pt\" target=\"_self\">aerea.faial@oceanxperience.pt<\/a>\u00a0| +351 292 391 415<\/span><\/p><p class=\"font_8 wixui-rich-text__text\"><span class=\"wixui-rich-text__text\"><span class=\"wixGuard wixui-rich-text__text\">\u200b<\/span><\/span><\/p><p class=\"font_8 wixui-rich-text__text\"><span class=\"wixui-rich-text__text\">Shipping Agency<\/span><\/p><p class=\"font_8 wixui-rich-text__text\"><span class=\"wixui-rich-text__text\"><a class=\"wixui-rich-text__text\" href=\"mailto:francisco.medeiros@oceanxperience.pt\" target=\"_self\">francisco.medeiros@oceanxperience.pt<\/a>\u00a0| +351 963 453 142<\/span><\/p><p class=\"font_8 wixui-rich-text__text\"><span class=\"wixui-rich-text__text\"><a class=\"wixui-rich-text__text\" href=\"mailto:francisco.rosa@oceanxperience.pt\" data-auto-recognition=\"true\">francisco.rosa@oceanxperience.pt<\/a><\/span><\/p><p class=\"font_8 wixui-rich-text__text\"><span class=\"wixui-rich-text__text\"><span class=\"wixGuard wixui-rich-text__text\">\u200b<\/span><\/span><\/p><p class=\"font_8 wixui-rich-text__text\"><span class=\"wixui-rich-text__text\">Maritime Freight Transport (PICO)<\/span><\/p><p class=\"font_8 wixui-rich-text__text\"><span class=\"wixui-rich-text__text\"><a class=\"wixui-rich-text__text\" href=\"mailto:pico@oceanxperience.pt\" target=\"_self\">pico@oceanxperience.pt<\/a>\u00a0| +351 917 948 475 | +351 292 642 422<\/span><\/p><\/div>\t\t\t\t\t\t\t\t<\/div>\n\t\t\t\t\t<\/div>\n\t\t\t\t<\/div>\n\t\t\t\t<\/div>\n\t\t<div class=\"elementor-element elementor-element-91bbe5f e-con-full e-flex e-con e-parent\" data-id=\"91bbe5f\" data-element_type=\"container\" data-settings=\"{&quot;background_background&quot;:&quot;classic&quot;}\">\n\t\t<div class=\"elementor-element elementor-element-88dc280 e-flex e-con-boxed e-con e-child\" data-id=\"88dc280\" data-element_type=\"container\">\n\t\t\t\t\t<div class=\"e-con-inner\">\n\t\t\t\t<div class=\"elementor-element elementor-element-44f4c39 elementor-invisible elementor-widget elementor-widget-image\" data-id=\"44f4c39\" data-element_type=\"widget\" data-settings=\"{&quot;_animation&quot;:&quot;fadeInUp&quot;}\" data-widget_type=\"image.default\">\n\t\t\t\t\t\t\t\t\t\t\t\t\t\t\t<img decoding=\"async\" width=\"280\" height=\"42\" src=\"https:\/\/webspace.costaemartins.pt\/wp-content\/uploads\/2026\/03\/navigate.jpg\" class=\"attachment-large size-large wp-image-499\" alt=\"\" srcset=\"https:\/\/webspace.costaemartins.pt\/wp-content\/uploads\/2026\/03\/navigate.jpg 280w, https:\/\/webspace.costaemartins.pt\/wp-content\/uploads\/2026\/03\/navigate-18x3.jpg 18w\" sizes=\"(max-width: 280px) 100vw, 280px\" \/>\t\t\t\t\t\t\t\t\t\t\t\t\t\t\t<\/div>\n\t\t\t\t<div class=\"elementor-element elementor-element-7b6ee37 elementor-invisible elementor-widget elementor-widget-text-editor\" data-id=\"7b6ee37\" data-element_type=\"widget\" data-settings=\"{&quot;_animation&quot;:&quot;zoomIn&quot;}\" data-widget_type=\"text-editor.default\">\n\t\t\t\t\t\t\t\t\t<div class=\"serv-text reveal visible\"><p class=\"translation-block\"><strong>Navig@te<\/strong> has a highly specialized technical team for computer assembly and IT equipment repair, offering remote support services, networking, and video surveillance systems.<\/p><p class=\"translation-block\">It sells <strong>integrated management software, point-of-sale management software, and accounting software<\/strong>, as well as hardware and accessories for PCs and Apple Macintosh. It is a certified <strong>Microsoft<\/strong> partner.<\/p><\/div>\t\t\t\t\t\t\t\t<\/div>\n\t\t\t\t<div class=\"elementor-element elementor-element-d0a04c6 elementor-invisible elementor-widget elementor-widget-text-editor\" data-id=\"d0a04c6\" data-element_type=\"widget\" data-settings=\"{&quot;_animation&quot;:&quot;zoomIn&quot;}\" data-widget_type=\"text-editor.default\">\n\t\t\t\t\t\t\t\t\t<div class=\"serv-text reveal visible\"><p class=\"font_7 wixui-rich-text__text\"><span class=\"wixui-rich-text__text\"><a class=\"wixui-rich-text__text\" href=\"mailto:informatica@costaemartins.pt\" target=\"_self\">informatica@costaemartins.pt<\/a>\u00a0| +351 961 555 666<\/span><\/p><p class=\"font_7 wixui-rich-text__text\"><span class=\"wixui-rich-text__text\"><a class=\"wixui-rich-text__text\" href=\"mailto:avarias@costaemartins.pt\" target=\"_self\">avarias@costaemartins.pt<\/a>| +351 961 555 667<\/span><\/p><\/div>\t\t\t\t\t\t\t\t<\/div>\n\t\t\t\t\t<\/div>\n\t\t\t\t<\/div>\n\t\t\t\t<\/div>\n\t\t\t\t<\/div>","protected":false},"excerpt":{"rendered":"<p>Fundada a\u00a022 de Janeiro de 1912, a Costa &amp; Martins \u00e9 a empresa-m\u00e3e do grupo e uma das mais antigas dos A\u00e7ores. Inicialmente dedicada \u00e0 venda por grosso, foi adaptando a sua atividade ao longo de d\u00e9cadas. Hoje opera nas \u00e1reas de\u00a0distribui\u00e7\u00e3o de g\u00e1s GALP, abastecimento de combust\u00edvel, bricolage e pe\u00e7as auto, e instala\u00e7\u00e3o de [&hellip;]<\/p>","protected":false},"author":2,"featured_media":0,"parent":0,"menu_order":0,"comment_status":"closed","ping_status":"closed","template":"","meta":{"footnotes":""},"class_list":["post-57","page","type-page","status-publish","hentry"],"_links":{"self":[{"href":"https:\/\/webspace.costaemartins.pt\/en\/wp-json\/wp\/v2\/pages\/57","targetHints":{"allow":["GET"]}}],"collection":[{"href":"https:\/\/webspace.costaemartins.pt\/en\/wp-json\/wp\/v2\/pages"}],"about":[{"href":"https:\/\/webspace.costaemartins.pt\/en\/wp-json\/wp\/v2\/types\/page"}],"author":[{"embeddable":true,"href":"https:\/\/webspace.costaemartins.pt\/en\/wp-json\/wp\/v2\/users\/2"}],"replies":[{"embeddable":true,"href":"https:\/\/webspace.costaemartins.pt\/en\/wp-json\/wp\/v2\/comments?post=57"}],"version-history":[{"count":32,"href":"https:\/\/webspace.costaemartins.pt\/en\/wp-json\/wp\/v2\/pages\/57\/revisions"}],"predecessor-version":[{"id":563,"href":"https:\/\/webspace.costaemartins.pt\/en\/wp-json\/wp\/v2\/pages\/57\/revisions\/563"}],"wp:attachment":[{"href":"https:\/\/webspace.costaemartins.pt\/en\/wp-json\/wp\/v2\/media?parent=57"}],"curies":[{"name":"wp","href":"https:\/\/api.w.org\/{rel}","templated":true}]}}