{"id":60,"date":"2025-10-03T15:47:40","date_gmt":"2025-10-03T15:47:40","guid":{"rendered":"https:\/\/webspace.costaemartins.pt\/?page_id=60"},"modified":"2026-03-24T14:47:31","modified_gmt":"2026-03-24T14:47:31","slug":"quem-somos","status":"publish","type":"page","link":"https:\/\/webspace.costaemartins.pt\/en\/quem-somos\/","title":{"rendered":"WHO WE ARE"},"content":{"rendered":"<div data-elementor-type=\"wp-page\" data-elementor-id=\"60\" class=\"elementor elementor-60\">\n\t\t\t\t<div class=\"elementor-element elementor-element-412153 e-con-full e-flex e-con e-parent\" data-id=\"412153\" data-element_type=\"container\" data-settings=\"{&quot;background_background&quot;:&quot;classic&quot;}\">\n\t\t\t\t<\/div>\n\t\t<div class=\"elementor-element elementor-element-2365b1eb e-con-full e-flex e-con e-parent\" data-id=\"2365b1eb\" data-element_type=\"container\" data-settings=\"{&quot;background_background&quot;:&quot;classic&quot;}\">\n\t\t<div class=\"elementor-element elementor-element-592e47 e-con-full e-flex e-con e-child\" data-id=\"592e47\" data-element_type=\"container\">\n\t\t\t\t<div class=\"elementor-element elementor-element-df91dd5 elementor-widget elementor-widget-image\" data-id=\"df91dd5\" data-element_type=\"widget\" data-widget_type=\"image.default\">\n\t\t\t\t\t\t\t\t\t\t\t\t\t\t\t<img fetchpriority=\"high\" decoding=\"async\" width=\"512\" height=\"512\" src=\"https:\/\/webspace.costaemartins.pt\/wp-content\/uploads\/2025\/10\/cropped-cropped-COSTA-MARTINS-ICON-06.png\" class=\"attachment-large size-large wp-image-426\" alt=\"\" srcset=\"https:\/\/webspace.costaemartins.pt\/wp-content\/uploads\/2025\/10\/cropped-cropped-COSTA-MARTINS-ICON-06.png 512w, https:\/\/webspace.costaemartins.pt\/wp-content\/uploads\/2025\/10\/cropped-cropped-COSTA-MARTINS-ICON-06-300x300.png 300w, https:\/\/webspace.costaemartins.pt\/wp-content\/uploads\/2025\/10\/cropped-cropped-COSTA-MARTINS-ICON-06-150x150.png 150w, https:\/\/webspace.costaemartins.pt\/wp-content\/uploads\/2025\/10\/cropped-cropped-COSTA-MARTINS-ICON-06-12x12.png 12w\" sizes=\"(max-width: 512px) 100vw, 512px\" \/>\t\t\t\t\t\t\t\t\t\t\t\t\t\t\t<\/div>\n\t\t\t\t<div class=\"elementor-element elementor-element-454f15ce elementor-invisible elementor-widget elementor-widget-text-editor\" data-id=\"454f15ce\" data-element_type=\"widget\" data-settings=\"{&quot;_animation&quot;:&quot;zoomIn&quot;}\" data-widget_type=\"text-editor.default\">\n\t\t\t\t\t\t\t\t\t<p class=\"font-claude-response-body break-words whitespace-normal leading-[1.7]\">The company Costa &amp; Martins, Lda. was founded on January 22, 1912, making it one of the oldest and most established companies in the Azores.<\/p><p class=\"font-claude-response-body break-words whitespace-normal leading-[1.7]\">Initially dedicated to wholesale, over several decades it adapted its business to the local and temporary needs of the islands of Faial and Pico.<\/p><p class=\"font-claude-response-body break-words whitespace-normal leading-[1.7]\">It has always been a representative of major national and international brands, thus providing the highest quality services in the region.<\/p><p class=\"font-claude-response-body break-words whitespace-normal leading-[1.7]\">The company Costa &amp; Martins, Lda. also includes other types of shops and services:<\/p><p class=\"font-claude-response-body break-words whitespace-normal leading-[1.7]\"><strong>DIY and Auto Parts Store<\/strong> \u2014 Auto parts for all automotive brands, automotive lubrication products, hardware, power and hand tools, safety products, a place where you can also order gas, and much more.<\/p><p class=\"font-claude-response-body break-words whitespace-normal leading-[1.7]\"><strong>Navig@te<\/strong> \u2014 Computer store that sells integrated management and accounting software, all types of accessories, consumables, printers, monitors and storage media in the PC and Apple Macintosh area, among other products.<\/p><p class=\"font-claude-response-body break-words whitespace-normal leading-[1.7]\"><strong>Oceanxperience \u2014 Customs Broker, Shipping Agent, Trade and Services, Ltd.<\/strong>\u00a0 It has been operating in Horta since 2015. It is a freight forwarder for sea and air cargo and a shipping agent, serving the national territory, including the autonomous regions of Madeira and the Azores, as well as the international territory.<\/p><p class=\"font-claude-response-body break-words whitespace-normal leading-[1.7] translation-block\">The century-old company also has several representations, namely the <strong>GALP<\/strong> brand with its gas and lubricant products, and <strong>Oceanxperience<\/strong> as a representative of the shipping agency <strong>GS Lines<\/strong> in the port of Horta (Faial) and Cais do Pico (Pico Island).<\/p>\t\t\t\t\t\t\t\t<\/div>\n\t\t\t\t<\/div>\n\t\t<div class=\"elementor-element elementor-element-8cc46ef e-con-full e-flex elementor-invisible e-con e-child\" data-id=\"8cc46ef\" data-element_type=\"container\" data-settings=\"{&quot;background_background&quot;:&quot;slideshow&quot;,&quot;background_slideshow_gallery&quot;:[{&quot;id&quot;:232,&quot;url&quot;:&quot;https:\\\/\\\/webspace.costaemartins.pt\\\/wp-content\\\/uploads\\\/2025\\\/10\\\/mzudkxj4b2o.jpg&quot;},{&quot;id&quot;:286,&quot;url&quot;:&quot;https:\\\/\\\/webspace.costaemartins.pt\\\/wp-content\\\/uploads\\\/2025\\\/10\\\/anbfssy8tye.jpg&quot;}],&quot;animation&quot;:&quot;zoomIn&quot;,&quot;background_slideshow_loop&quot;:&quot;yes&quot;,&quot;background_slideshow_slide_duration&quot;:5000,&quot;background_slideshow_slide_transition&quot;:&quot;fade&quot;,&quot;background_slideshow_transition_duration&quot;:500}\">\n\t\t\t\t<\/div>\n\t\t\t\t<\/div>\n\t\t<div class=\"elementor-element elementor-element-7fe86538 e-flex e-con-boxed e-con e-parent\" data-id=\"7fe86538\" data-element_type=\"container\" data-settings=\"{&quot;background_background&quot;:&quot;classic&quot;}\">\n\t\t\t\t\t<div class=\"e-con-inner\">\n\t\t\t\t<div class=\"elementor-element elementor-element-1ea04f2b elementor-invisible elementor-widget elementor-widget-heading\" data-id=\"1ea04f2b\" data-element_type=\"widget\" data-settings=\"{&quot;_animation&quot;:&quot;zoomIn&quot;}\" data-widget_type=\"heading.default\">\n\t\t\t\t\t<h2 class=\"elementor-heading-title elementor-size-default\">Our Territory\n<\/h2>\t\t\t\t<\/div>\n\t\t\t\t<div class=\"elementor-element elementor-element-4c5e6bb elementor-invisible elementor-widget elementor-widget-text-editor\" data-id=\"4c5e6bb\" data-element_type=\"widget\" data-settings=\"{&quot;_animation&quot;:&quot;zoomIn&quot;}\" data-widget_type=\"text-editor.default\">\n\t\t\t\t\t\t\t\t\t<p class=\"font-claude-response-body break-words whitespace-normal leading-[1.7]\">The islands of Faial and Pico are more than just our workplace; they are our home. It is this deep connection to the territory that allows us to understand the real needs of those who live, work, and visit here. We operate in an island context with unique challenges, and it is precisely this profound knowledge of the archipelago that makes us different. Every service we provide is designed for the Azorean reality, with solutions adapted to the distances, the local dynamics, and the people who make these islands unique.<\/p>\t\t\t\t\t\t\t\t<\/div>\n\t\t\t\t\t<\/div>\n\t\t\t\t<\/div>\n\t\t<div class=\"elementor-element elementor-element-66f506d e-flex e-con-boxed e-con e-parent\" data-id=\"66f506d\" data-element_type=\"container\" data-settings=\"{&quot;background_background&quot;:&quot;classic&quot;}\">\n\t\t\t\t\t<div class=\"e-con-inner\">\n\t\t\t\t<div class=\"elementor-element elementor-element-702c7e2 elementor-invisible elementor-widget elementor-widget-heading\" data-id=\"702c7e2\" data-element_type=\"widget\" data-settings=\"{&quot;_animation&quot;:&quot;zoomIn&quot;}\" data-widget_type=\"heading.default\">\n\t\t\t\t\t<h2 class=\"elementor-heading-title elementor-size-default\">Be a part of our story.\n<\/h2>\t\t\t\t<\/div>\n\t\t\t\t<div class=\"elementor-element elementor-element-728ad92 elementor-invisible elementor-widget elementor-widget-text-editor\" data-id=\"728ad92\" data-element_type=\"widget\" data-settings=\"{&quot;_animation&quot;:&quot;zoomIn&quot;}\" data-widget_type=\"text-editor.default\">\n\t\t\t\t\t\t\t\t\t<p class=\"font-claude-response-body break-words whitespace-normal leading-[1.7]\"><em>Be a part of our story.<\/em> Serving the islands for over a century, we are ready to help you too.<\/p>\t\t\t\t\t\t\t\t<\/div>\n\t\t\t\t<div class=\"elementor-element elementor-element-a1993fb elementor-mobile-align-center elementor-align-center elementor-button-info elementor-invisible elementor-widget elementor-widget-button\" data-id=\"a1993fb\" data-element_type=\"widget\" data-settings=\"{&quot;_animation&quot;:&quot;zoomIn&quot;}\" data-widget_type=\"button.default\">\n\t\t\t\t\t\t\t\t\t\t<a class=\"elementor-button elementor-button-link elementor-size-sm\" href=\"https:\/\/webspace.costaemartins.pt\/en\/quem-somos\/\">\n\t\t\t\t\t\t<span class=\"elementor-button-content-wrapper\">\n\t\t\t\t\t\t\t\t\t<span class=\"elementor-button-text\">LEARN MORE<\/span>\n\t\t\t\t\t<\/span>\n\t\t\t\t\t<\/a>\n\t\t\t\t\t\t\t\t<\/div>\n\t\t\t\t\t<\/div>\n\t\t\t\t<\/div>\n\t\t\t\t<\/div>","protected":false},"excerpt":{"rendered":"<p>A empresa Costa &amp; Martins, Lda. foi fundada a 22 de Janeiro de 1912, tornando-se uma das empresas mais antigas e s\u00f3lidas dos A\u00e7ores. Inicialmente dedicada \u00e0 venda por grosso, foi ao longo de v\u00e1rias d\u00e9cadas adaptando o seu com\u00e9rcio \u00e0s necessidades locais e temporais nas ilhas do Faial e Pico. Foi desde sempre representante [&hellip;]<\/p>","protected":false},"author":2,"featured_media":0,"parent":0,"menu_order":0,"comment_status":"closed","ping_status":"closed","template":"","meta":{"footnotes":""},"class_list":["post-60","page","type-page","status-publish","hentry"],"_links":{"self":[{"href":"https:\/\/webspace.costaemartins.pt\/en\/wp-json\/wp\/v2\/pages\/60","targetHints":{"allow":["GET"]}}],"collection":[{"href":"https:\/\/webspace.costaemartins.pt\/en\/wp-json\/wp\/v2\/pages"}],"about":[{"href":"https:\/\/webspace.costaemartins.pt\/en\/wp-json\/wp\/v2\/types\/page"}],"author":[{"embeddable":true,"href":"https:\/\/webspace.costaemartins.pt\/en\/wp-json\/wp\/v2\/users\/2"}],"replies":[{"embeddable":true,"href":"https:\/\/webspace.costaemartins.pt\/en\/wp-json\/wp\/v2\/comments?post=60"}],"version-history":[{"count":29,"href":"https:\/\/webspace.costaemartins.pt\/en\/wp-json\/wp\/v2\/pages\/60\/revisions"}],"predecessor-version":[{"id":595,"href":"https:\/\/webspace.costaemartins.pt\/en\/wp-json\/wp\/v2\/pages\/60\/revisions\/595"}],"wp:attachment":[{"href":"https:\/\/webspace.costaemartins.pt\/en\/wp-json\/wp\/v2\/media?parent=60"}],"curies":[{"name":"wp","href":"https:\/\/api.w.org\/{rel}","templated":true}]}}